{"id":805,"date":"2024-07-23T22:51:01","date_gmt":"2024-07-23T19:51:01","guid":{"rendered":"https:\/\/pilotechturkey.com\/?post_type=product&#038;p=805"},"modified":"2026-01-08T20:43:15","modified_gmt":"2026-01-08T17:43:15","slug":"lightspeed-delta-zulu-anr-kulaklik-g-a","status":"publish","type":"product","link":"https:\/\/pilotechturkey.com\/?product=lightspeed-delta-zulu-anr-kulaklik-g-a","title":{"rendered":"Lightspeed Delta Zulu ANR Kulakl\u0131k G\/A"},"content":{"rendered":"<p><span class=\"Y2IQFc\" lang=\"de\">Bu kulakl\u0131k g\u00fcvenlik, kontrol ve konfor g\u00f6z \u00f6n\u00fcnde bulundurularak tasarland\u0131.<br \/>\n<\/span><span class=\"Y2IQFc\" lang=\"de\">En yeni kulakl\u0131\u011f\u0131m\u0131z Lightspeed&#8217;in \u015fimdiye kadarki en iyi ANR&#8217;sine sahiptir. Bir Zulu&#8217;dan bekledi\u011finiz \u00fcst\u00fcn konfor ve dayan\u0131kl\u0131l\u0131\u011f\u0131 sunarken<br \/>\n, pilotlar\u0131n ve yolcular\u0131n hayat\u0131n\u0131 kolayla\u015ft\u0131ran \u00e7\u0131\u011f\u0131r a\u00e7an yeni teknolojiler sunuyor.<\/span><\/p>\n<p class=\"tw-data-text tw-text-large tw-ta\" dir=\"ltr\" data-placeholder=\"Translation\"><span class=\"Y2IQFc\" lang=\"de\"><strong>\u00dcR\u00dcN A\u00c7IKLAMASI<\/strong><br \/>\n<\/span><\/p>\n<p class=\"tw-data-text tw-text-large tw-ta\" dir=\"ltr\" data-placeholder=\"Translation\"><span class=\"Y2IQFc\" lang=\"de\"><strong>HAYAT KURTARIR &#8211; HAYATI DE\u011e\u0130\u015eT\u0130R\u0130R<br \/>\n<\/strong><\/span><span class=\"Y2IQFc\" lang=\"de\">Do\u011frudan kulakl\u0131\u011f\u0131n i\u00e7ine yerle\u015ftirilmi\u015f Kanari&#x2122; ak\u0131ll\u0131 alarm teknolojisi, kabindeki karbon monoksit seviyelerini \u00f6l\u00e7erek sizi sesli uyar\u0131larla uyar\u0131r, sizi ve yolcular\u0131n\u0131z\u0131 uyan\u0131k ve g\u00fcvende tutar. HearingEQity\u00ae ad\u0131 verilen entegre ses e\u015fitleme sistemi, otomatik 12 frekansl\u0131 i\u015fitme testiyle olu\u015fturulan ki\u015fisel i\u015fitme profilinizle u\u00e7u\u015f s\u0131ras\u0131nda kristal netli\u011finde ileti\u015fim sa\u011flar.<br \/>\n<\/span><\/p>\n<p class=\"tw-data-text tw-text-large tw-ta\" dir=\"ltr\" data-placeholder=\"Translation\"><span class=\"Y2IQFc\" lang=\"de\"><strong>K\u0130\u015e\u0130SELLE\u015eT\u0130RME<\/strong><br \/>\nLightspeed uygulamas\u0131 ayr\u0131ca CO sens\u00f6r\u00fc verilerini incelemenize, kendi i\u015fitme profilinizi olu\u015fturman\u0131za, radyo konu\u015fmalar\u0131n\u0131 kaydetmenize, yay\u0131nlar\u0131 oynatman\u0131za ve u\u00e7u\u015f sonras\u0131 brifingler ve e\u011fitim i\u00e7in u\u00e7u\u015f kay\u0131tlar\u0131n\u0131 ar\u015fivlemenize olanak tan\u0131r. Delta Zulu ayn\u0131 zamanda UAC konnekt\u00f6r\u00fcn\u00fc kullanan ilk kulakl\u0131kt\u0131r; \u015farj, veri ileti\u015fimi ve ek ses i\u00e7in di\u011fer cihazlara do\u011frudan kulakl\u0131ktan ba\u011flanman\u0131za olanak tan\u0131r.<\/span><\/p>\n<p class=\"tw-data-text tw-text-large tw-ta\" dir=\"ltr\" data-placeholder=\"Translation\"><span class=\"Y2IQFc\" lang=\"de\">\u00a0<\/span><\/p>\n<p class=\"tw-data-text tw-text-large tw-ta\" dir=\"ltr\" data-placeholder=\"Translation\"><span class=\"Y2IQFc\" lang=\"de\"><strong>A\u011f\u0131rl\u0131k<\/strong>\u00a0: 422 g<br \/>\n<strong>Boyutlar:<\/strong>\u00a011,5 \u00d7 11,25 \u00d7 5 in\u00e7\u00a0<strong>Kulakl\u0131k<\/strong><br \/>\n<strong>fi\u015fi t\u00fcr\u00fc<\/strong>\u00a0: GA ikili fi\u015f<br \/>\n<strong>Kablo<\/strong>\u00a0\u00dcst kablo &#8211; 48 in\u00e7, Alt kablo &#8211; 21 1\/8 in\u00e7<\/span><\/p>\n<p>&nbsp;<\/p>\n<p id=\"tw-target-text\" class=\"tw-data-text tw-text-large tw-ta\" dir=\"ltr\" data-placeholder=\"Translation\"><span class=\"Y2IQFc\" lang=\"de\"><strong>Yerle\u015fik karbon monoksit sens\u00f6r\u00fc<\/strong><br \/>\n<\/span><span class=\"Y2IQFc\" lang=\"de\">Yeni CO sens\u00f6r\u00fc her zaman a\u00e7\u0131kt\u0131r ve her zaman i\u00e7 mekandaki karbon monoksit seviyesini izler. \u00d6nceden ayarlanm\u0131\u015f veya kullan\u0131c\u0131 tan\u0131ml\u0131 CO limitlerinde sesli ve g\u00f6rsel uyar\u0131lar sa\u011flayacak \u015fekilde en iyi \u015fekilde kalibre edilmi\u015ftir.<\/span><\/p>\n<p class=\"tw-data-text tw-text-large tw-ta\" dir=\"ltr\" data-placeholder=\"Translation\"><span class=\"Y2IQFc\" lang=\"de\">\u00a0<\/span><\/p>\n<p id=\"tw-target-text\" class=\"tw-data-text tw-text-large tw-ta\" dir=\"ltr\" data-placeholder=\"Translation\"><span class=\"Y2IQFc\" lang=\"de\"><strong>\u00d6zelle\u015ftirilmi\u015f Ses \u0130\u00e7in HearingEQity&#x2122;<\/strong><br \/>\n\u2013 Yeni Lightspeed uygulamas\u0131ndaki \u00f6zel 12 frekansl\u0131 i\u015fitme testinin sonu\u00e7lar\u0131na dayanarak HearingEQity Delta Zulu, her ATC \u00e7a\u011fr\u0131s\u0131n\u0131 ve g\u00f6r\u00fc\u015fmesini bireysel i\u015fitme profilinize g\u00f6re optimize edecek \u015fekilde otomatik olarak ayarlan\u0131r. Bireysel profiller kaydedilebilir ve farkl\u0131 kulakl\u0131k kullan\u0131c\u0131lar\u0131 profiller aras\u0131nda ge\u00e7i\u015f yapabilir.<\/span><\/p>\n<p class=\"tw-data-text tw-text-large tw-ta\" dir=\"ltr\" data-placeholder=\"Translation\"><span class=\"Y2IQFc\" lang=\"de\">\u00a0<\/span><\/p>\n<p class=\"tw-data-text tw-text-large tw-ta\" dir=\"ltr\" data-placeholder=\"Translation\"><span class=\"Y2IQFc\" lang=\"de\"><strong>De\u011fi\u015ftirilebilir Piller:<br \/>\n<\/strong>Kolayca de\u011fi\u015ftirilebilen pil, \u015farj edilebilir lityum iyon pilleri veya AA pilleri kullanma se\u00e7ene\u011fi sunar.<\/span><\/p>\n<p>&nbsp;<\/p>\n<p id=\"tw-target-text\" class=\"tw-data-text tw-text-large tw-ta\" dir=\"ltr\" data-placeholder=\"Translation\"><span class=\"Y2IQFc\" lang=\"de\"><strong>Lightspeed uygulamas\u0131:<\/strong><br \/>\nU\u00e7u\u015f s\u0131ras\u0131nda sens\u00f6r verilerini g\u00f6rsel olarak incelemenize olanak tan\u0131yarak size anl\u0131k okumalar ve ge\u00e7mi\u015f veriler sa\u011flar. U\u00e7u\u015f sonras\u0131 brifingler ve e\u011fitim i\u00e7in \u00f6nceki u\u00e7u\u015flara ait g\u00fcvenlik \u00f6l\u00e7\u00fcmlerini inceleyin, konu\u015fmalar\u0131 kaydedin, yay\u0131nlar\u0131 tekrar oynat\u0131n, diyagramlar \u00e7izin ve u\u00e7u\u015f kay\u0131tlar\u0131n\u0131 telefonunuzda veya mobil cihaz\u0131n\u0131zda ar\u015fivleyin. SADECE iOS i\u00e7in<\/span><\/p>\n<p id=\"tw-target-text\" class=\"tw-data-text tw-text-large tw-ta\" dir=\"ltr\" data-placeholder=\"Translation\"><span class=\"Y2IQFc\" lang=\"de\">\u00a0<\/span><\/p>\n<p id=\"tw-target-text\" class=\"tw-data-text tw-text-large tw-ta\" dir=\"ltr\" data-placeholder=\"Translation\"><span class=\"Y2IQFc\" lang=\"de\"><strong>UAC Fi\u015fi:<\/strong><br \/>\nDelta Zulu, \u015farj, ses ve veri aktar\u0131m\u0131 i\u00e7in do\u011frudan kulakl\u0131ktan di\u011fer cihazlara ba\u011flanman\u0131za olanak tan\u0131yan UAC fi\u015fine sahip ilk kulakl\u0131kt\u0131r. U\u00e7u\u015f s\u0131ras\u0131nda da USB \u00fczerinden \u015farj edilebiliyor. Delta Zulu, UAC&#8217;den USB-A&#8217;ya (dahil), USB-C, 3,5 mm ve Lightning konekt\u00f6r\u00fcne (iste\u011fe ba\u011fl\u0131) kadar 4 kablo yap\u0131land\u0131rmas\u0131 i\u00e7in se\u00e7enekler sunar.<\/span><\/p>\n<p class=\"tw-data-text tw-text-large tw-ta\" dir=\"ltr\" data-placeholder=\"Translation\"><span class=\"Y2IQFc\" lang=\"de\"><br \/>\n<strong>Bluetooth<br \/>\n<\/strong><\/span><span class=\"Y2IQFc\" lang=\"de\">A2DP teknolojisine sahip Bluetooth kablosuz teknolojisi, cep telefonu ileti\u015fimine ve stereo m\u00fczik ak\u0131\u015f\u0131n\u0131n yan\u0131 s\u0131ra havac\u0131l\u0131k uygulamalar\u0131ndan gelen uyar\u0131lara da olanak tan\u0131r<\/span><\/p>\n<p id=\"tw-target-text\" class=\"tw-data-text tw-text-large tw-ta\" dir=\"ltr\" data-placeholder=\"Translation\"><span class=\"Y2IQFc\" lang=\"de\"><br \/>\n<strong>Comfort<\/strong><br \/>\nDelta Zulu yaln\u0131zca 14,9 ons a\u011f\u0131rl\u0131\u011f\u0131ndad\u0131r (kulak contalar\u0131, kafa yast\u0131\u011f\u0131 ve mikrofon kolu dahil) ve daha rahat a\u011f\u0131rl\u0131k da\u011f\u0131l\u0131m\u0131 ve yan bas\u0131n\u00e7 i\u00e7in ba\u015f\u0131n k\u0131vr\u0131m\u0131na uyum sa\u011flayan d\u00fc\u015f\u00fck profilli paslanmaz \u00e7elik kafa band\u0131na sahiptir.<\/span><\/p>\n<p class=\"tw-data-text tw-text-large tw-ta\" dir=\"ltr\" data-placeholder=\"Translation\"><span class=\"Y2IQFc\" lang=\"de\">\u00a0<\/span><\/p>\n<p id=\"tw-target-text\" class=\"tw-data-text tw-text-large tw-ta\" dir=\"ltr\" data-placeholder=\"Translation\"><span class=\"Y2IQFc\" lang=\"de\"><strong>M\u00fckemmel Uyum<\/strong><br \/>\nDelta Zulu&#8217;nun y\u00fcksek performansl\u0131 konik kulak contalar\u0131, do\u011fal bir uyum i\u00e7in \u00e7enenin \u015fekline uyacak \u015fekilde tasarlanm\u0131\u015ft\u0131r. Sonu\u00e7 olarak, g\u00f6zl\u00fck veya g\u00fcne\u015f g\u00f6zl\u00fc\u011f\u00fc \u00e7er\u00e7evelerinin \u00e7evresinde daha iyi bir s\u0131zd\u0131rmazl\u0131k sa\u011flarken konforu ve netli\u011fi art\u0131r\u0131rlar. Kaplardaki kesikler kula\u011f\u0131n tamam\u0131n\u0131n rahat\u00e7a oturmas\u0131n\u0131 sa\u011flar.<\/span><\/p>\n<p class=\"tw-data-text tw-text-large tw-ta\" dir=\"ltr\" data-placeholder=\"Translation\"><span class=\"Y2IQFc\" lang=\"de\">\u00a0<\/span><\/p>\n<p id=\"tw-target-text\" class=\"tw-data-text tw-text-large tw-ta\" dir=\"ltr\" data-placeholder=\"Translation\"><span class=\"Y2IQFc\" lang=\"de\"><strong>Dayan\u0131kl\u0131l\u0131k ve Uzun \u00d6m\u00fcr<\/strong><br \/>\nDelta Zulu, Kevlar \u00e7ekirde\u011fin etraf\u0131na in\u015fa edilmi\u015f sa\u011flam kablolarla neredeyse tamamen paslanmaz \u00e7elik ve magnezyumdan yap\u0131lm\u0131\u015ft\u0131r. En zorlu u\u00e7u\u015f ko\u015fullar\u0131na dayanacak ve y\u0131llarca dayanacak \u015fekilde tasarlanm\u0131\u015ft\u0131r.<\/span><\/p>\n<p class=\"tw-data-text tw-text-large tw-ta\" dir=\"ltr\" data-placeholder=\"Translation\"><span class=\"Y2IQFc\" lang=\"de\">\u00a0<\/span><\/p>\n<p class=\"tw-data-text tw-text-large tw-ta\" dir=\"ltr\" data-placeholder=\"Translation\"><span class=\"Y2IQFc\" lang=\"de\"><strong>\u00dcst\u00fcn Sessizlik<\/strong><br \/>\nDelta Zulu, derin ve geni\u015f bir d\u00fc\u015f\u00fck frekansl\u0131 ses yelpazesi i\u00e7in geli\u015fmi\u015f aktif g\u00fcr\u00fclt\u00fc engelleme (ANR) sunar. Magnezyum kulakl\u0131k kapaklar\u0131, y\u00fcksek frekansl\u0131 g\u00fcr\u00fclt\u00fcye kar\u015f\u0131 m\u00fckemmel koruma sa\u011flar.<\/span><\/p>\n<p>&nbsp;<\/p>\n<p id=\"tw-target-text\" class=\"tw-data-text tw-text-large tw-ta\" dir=\"ltr\" data-placeholder=\"Translation\"><span class=\"Y2IQFc\" lang=\"de\"><strong>Net \u0130leti\u015fim<\/strong><br \/>\n\u00c7ift diyaframl\u0131 disk mikrofonu, daha net ve anla\u015f\u0131l\u0131r ileti\u015fim i\u00e7in daha iyi g\u00fcr\u00fclt\u00fc engelleme sa\u011flar. Kullan\u0131c\u0131 taraf\u0131ndan ayarlanabilen \u00f6zel mikrofon kazanc\u0131, \u00e7oklu kulakl\u0131kl\u0131 ortamlarda y\u00fcksek ve al\u00e7ak sesleri dengelemeye yard\u0131mc\u0131 olur.<\/span><\/p>\n<p id=\"tw-target-text\" class=\"tw-data-text tw-text-large tw-ta\" dir=\"ltr\" data-placeholder=\"Translation\"><span class=\"Y2IQFc\" lang=\"de\"><br \/>\n<strong>ComPriority&#x2122;<\/strong><br \/>\nTelsiz veya interkom iletimleri s\u0131ras\u0131nda t\u00fcm yard\u0131mc\u0131 cihazlar\u0131n sesini otomatik olarak azaltan patentli ComPriority ile \u00f6nemli telsiz ileti\u015fimlerini bir daha asla ka\u00e7\u0131rmay\u0131n. Yumu\u015fak sessize alma i\u015flevi m\u00fczi\u011fi yava\u015f\u00e7a tekrar a\u00e7arak yumu\u015fak bir dinleme ge\u00e7i\u015fi sa\u011flar.<\/span><\/p>\n<p class=\"tw-data-text tw-text-large tw-ta\" dir=\"ltr\" data-placeholder=\"Translation\"><span class=\"Y2IQFc\" lang=\"de\">\u00a0<\/span><\/p>\n<p id=\"tw-target-text\" class=\"tw-data-text tw-text-large tw-ta\" dir=\"ltr\" data-placeholder=\"Translation\"><span class=\"Y2IQFc\" lang=\"de\"><strong>Auto Shutoff&#x2122;<\/strong><br \/>\nLightspeed&#8217;in tescilli Otomatik Kapatma \u00f6zelli\u011fi, kullan\u0131lmad\u0131\u011f\u0131 zaman kulakl\u0131\u011f\u0131n g\u00fcc\u00fcn\u00fc otomatik olarak kapatarak pil \u00f6mr\u00fcnden tasarruf sa\u011flar.<\/span><\/p>\n<p class=\"tw-data-text tw-text-large tw-ta\" dir=\"ltr\" data-placeholder=\"Translation\"><span class=\"Y2IQFc\" lang=\"de\">\u00a0<\/span><\/p>\n<p id=\"tw-target-text\" class=\"tw-data-text tw-text-large tw-ta\" dir=\"ltr\" data-placeholder=\"Translation\"><span class=\"Y2IQFc\" lang=\"de\"><strong>Birlikte Verilen Aksesuarlar<\/strong><br \/>\nTa\u015f\u0131ma \u00e7antas\u0131, tek ba\u011flant\u0131 noktal\u0131 duvar \u015farj cihaz\u0131 (\u00a0ABD fi\u015fli g\u00fc\u00e7 adapt\u00f6r\u00fc)\u00a0, lityum iyon pil, AA pil, UAC&#8217;den USB-A&#8217;ya kablo, kablolar i\u00e7in g\u00f6mlek klipsi ve birden fazla kulakl\u0131\u011f\u0131 ay\u0131rt etmek i\u00e7in bir dizi ki\u015fiselle\u015ftirilmi\u015f sembol \u00e7ipi, USB adapt\u00f6r\u00fc<\/span><\/p>\n","protected":false},"excerpt":{"rendered":"<p>Bu kulakl\u0131k g\u00fcvenlik, kontrol ve konfor g\u00f6z \u00f6n\u00fcnde bulundurularak tasarland\u0131. En yeni kulakl\u0131\u011f\u0131m\u0131z Lightspeed&#8217;in \u015fimdiye kadarki en iyi ANR&#8217;sine sahiptir.&hellip;<\/p>\n","protected":false},"featured_media":806,"comment_status":"open","ping_status":"closed","template":"","meta":[],"product_brand":[],"product_cat":[85],"product_tag":[82,81,78,83,79,80],"class_list":{"0":"post-805","1":"product","2":"type-product","3":"status-publish","4":"has-post-thumbnail","6":"product_cat-lightspeed","7":"product_tag-delta","8":"product_tag-delta-3","9":"product_tag-lightspeed","10":"product_tag-lightspeed-delta","11":"product_tag-lightspeed-zulu-3","12":"product_tag-zulu-3","14":"first","15":"instock","16":"shipping-taxable","17":"purchasable","18":"product-type-simple"},"jetpack_sharing_enabled":true,"_links":{"self":[{"href":"https:\/\/pilotechturkey.com\/index.php?rest_route=\/wp\/v2\/product\/805","targetHints":{"allow":["GET"]}}],"collection":[{"href":"https:\/\/pilotechturkey.com\/index.php?rest_route=\/wp\/v2\/product"}],"about":[{"href":"https:\/\/pilotechturkey.com\/index.php?rest_route=\/wp\/v2\/types\/product"}],"replies":[{"embeddable":true,"href":"https:\/\/pilotechturkey.com\/index.php?rest_route=%2Fwp%2Fv2%2Fcomments&post=805"}],"wp:featuredmedia":[{"embeddable":true,"href":"https:\/\/pilotechturkey.com\/index.php?rest_route=\/wp\/v2\/media\/806"}],"wp:attachment":[{"href":"https:\/\/pilotechturkey.com\/index.php?rest_route=%2Fwp%2Fv2%2Fmedia&parent=805"}],"wp:term":[{"taxonomy":"product_brand","embeddable":true,"href":"https:\/\/pilotechturkey.com\/index.php?rest_route=%2Fwp%2Fv2%2Fproduct_brand&post=805"},{"taxonomy":"product_cat","embeddable":true,"href":"https:\/\/pilotechturkey.com\/index.php?rest_route=%2Fwp%2Fv2%2Fproduct_cat&post=805"},{"taxonomy":"product_tag","embeddable":true,"href":"https:\/\/pilotechturkey.com\/index.php?rest_route=%2Fwp%2Fv2%2Fproduct_tag&post=805"}],"curies":[{"name":"wp","href":"https:\/\/api.w.org\/{rel}","templated":true}]}}