{"id":751,"date":"2024-04-14T15:23:10","date_gmt":"2024-04-14T12:23:10","guid":{"rendered":"https:\/\/pilotechturkey.com\/?post_type=product&#038;p=751"},"modified":"2026-01-08T20:48:14","modified_gmt":"2026-01-08T17:48:14","slug":"garmin-d2-mach-1-aviator-smartwatch","status":"publish","type":"product","link":"https:\/\/pilotechturkey.com\/?product=garmin-d2-mach-1-aviator-smartwatch","title":{"rendered":"Garmin D2&#x2122; Mach 1 Aviator Smartwatch"},"content":{"rendered":"<h1 class=\"h1\">Garmin D2&#x2122; Mach 1 Aviator Smartwatch<\/h1>\n<p>D2&#x2122; Mach 1 GPS Aviator Ak\u0131ll\u0131 Saat ile maceran\u0131z\u0131 h\u0131zland\u0131r\u0131n. Klasik stili ve canl\u0131 AMOLED dokunmatik ekran\u0131yla bu birinci s\u0131n\u0131f saat, geli\u015fmi\u015f u\u00e7u\u015f ara\u00e7lar\u0131n\u0131n yan\u0131 s\u0131ra pilot olarak hayat\u0131n\u0131z\u0131 geli\u015ftirecek sa\u011fl\u0131k ve fitness \u00f6zellikleri sunar.<\/p>\n","protected":false},"excerpt":{"rendered":"<p>Garmin D2&#x2122; Mach 1 Aviator Smartwatch D2&#x2122; Mach 1 GPS Aviator Ak\u0131ll\u0131 Saat ile maceran\u0131z\u0131 h\u0131zland\u0131r\u0131n. Klasik stili ve canl\u0131&hellip;<\/p>\n","protected":false},"featured_media":744,"comment_status":"open","ping_status":"closed","template":"","meta":[],"product_brand":[],"product_cat":[39,33],"product_tag":[72,50,70,71,69,76,74,73,75],"class_list":{"0":"post-751","1":"product","2":"type-product","3":"status-publish","4":"has-post-thumbnail","6":"product_cat-garmin-gps","7":"product_cat-watches","8":"product_tag-aviator-smartwatch","9":"product_tag-garmin","10":"product_tag-garmin-d2-mach-1","11":"product_tag-garmin-d2-mach-1-aviator-smartwatch","12":"product_tag-garmin-mach-1-pro","13":"product_tag-garmin-watch","14":"product_tag-pilotech","15":"product_tag-pilotech-turkey","16":"product_tag-watch","18":"first","19":"outofstock","20":"shipping-taxable","21":"purchasable","22":"product-type-simple"},"jetpack_sharing_enabled":true,"_links":{"self":[{"href":"https:\/\/pilotechturkey.com\/index.php?rest_route=\/wp\/v2\/product\/751","targetHints":{"allow":["GET"]}}],"collection":[{"href":"https:\/\/pilotechturkey.com\/index.php?rest_route=\/wp\/v2\/product"}],"about":[{"href":"https:\/\/pilotechturkey.com\/index.php?rest_route=\/wp\/v2\/types\/product"}],"replies":[{"embeddable":true,"href":"https:\/\/pilotechturkey.com\/index.php?rest_route=%2Fwp%2Fv2%2Fcomments&post=751"}],"wp:featuredmedia":[{"embeddable":true,"href":"https:\/\/pilotechturkey.com\/index.php?rest_route=\/wp\/v2\/media\/744"}],"wp:attachment":[{"href":"https:\/\/pilotechturkey.com\/index.php?rest_route=%2Fwp%2Fv2%2Fmedia&parent=751"}],"wp:term":[{"taxonomy":"product_brand","embeddable":true,"href":"https:\/\/pilotechturkey.com\/index.php?rest_route=%2Fwp%2Fv2%2Fproduct_brand&post=751"},{"taxonomy":"product_cat","embeddable":true,"href":"https:\/\/pilotechturkey.com\/index.php?rest_route=%2Fwp%2Fv2%2Fproduct_cat&post=751"},{"taxonomy":"product_tag","embeddable":true,"href":"https:\/\/pilotechturkey.com\/index.php?rest_route=%2Fwp%2Fv2%2Fproduct_tag&post=751"}],"curies":[{"name":"wp","href":"https:\/\/api.w.org\/{rel}","templated":true}]}}