{"id":680,"date":"2023-11-17T21:49:10","date_gmt":"2023-11-17T18:49:10","guid":{"rendered":"https:\/\/pilotechturkey.com\/?post_type=product&#038;p=680"},"modified":"2025-04-16T21:11:01","modified_gmt":"2025-04-16T18:11:01","slug":"garmin-d2-mach-1-pro-aviator-smartwatch-titanium","status":"publish","type":"product","link":"https:\/\/pilotechturkey.com\/?product=garmin-d2-mach-1-pro-aviator-smartwatch-titanium","title":{"rendered":"Garmin D2\u2122 Mach 1 Pro, Aviator Smartwatch Titanium"},"content":{"rendered":"<p><span>YOLU AYDINLATIN<\/span><\/p>\n<p><span>Gece g\u00fcnd\u00fcz kalk\u0131\u015fa haz\u0131r olun.\u00a0Bu birinci s\u0131n\u0131f ak\u0131ll\u0131 saat, yerle\u015fik bir el fenerine, s\u00fcper parlak AMOLED ekrana ve u\u00e7u\u015f ve fitness i\u00e7in geli\u015fmi\u015f ara\u00e7lara sahiptir.<\/span><\/p>\n<table border=\"0\" width=\"100%\">\n<tbody>\n<tr>\n<td width=\"16%\"><img decoding=\"async\" src=\"https:\/\/www.pilotshop.ro\/img\/cms\/Garmin\/D2%20Mach%201%20Pro\/FLASHLIGHT.jpg\" alt=\"\" width=\"50\" height=\"48\" \/><\/td>\n<td width=\"16%\"><img decoding=\"async\" src=\"https:\/\/www.pilotshop.ro\/img\/cms\/Garmin\/D2%20Mach%201%20Pro\/RedShift.jpg\" alt=\"\" width=\"50\" height=\"49\" \/><\/td>\n<td width=\"16%\"><img decoding=\"async\" src=\"https:\/\/www.pilotshop.ro\/img\/cms\/Garmin\/D2%20Mach%201%20Pro\/Touchscreen.jpg\" alt=\"\" width=\"37\" height=\"50\" \/><\/td>\n<td width=\"16%\"><img loading=\"lazy\" decoding=\"async\" src=\"https:\/\/www.pilotshop.ro\/img\/cms\/Garmin\/D2%20Mach%201%20Pro\/Weather.jpg\" alt=\"\" width=\"50\" height=\"50\" \/><\/td>\n<td width=\"16%\"><img loading=\"lazy\" decoding=\"async\" src=\"https:\/\/www.pilotshop.ro\/img\/cms\/Garmin\/D2%20Mach%201%20Pro\/Health-And-Fitness-Monitoring.jpg\" alt=\"\" width=\"48\" height=\"50\" \/><\/td>\n<td width=\"16%\"><img loading=\"lazy\" decoding=\"async\" src=\"https:\/\/www.pilotshop.ro\/img\/cms\/Garmin\/D2%20Mach%201%20Pro\/Battery_Life.jpg\" alt=\"Pil_Life.jpg\" width=\"25\" height=\"50\" \/><\/td>\n<\/tr>\n<tr>\n<td width=\"16%\"><span>Yerle\u015fik LED el feneriyle an\u0131nda k\u0131rm\u0131z\u0131 \u0131\u015f\u0131k veya de\u011fi\u015fken yo\u011funlukta beyaz \u0131\u015f\u0131k elde edin.<\/span><\/td>\n<td width=\"16%\"><span>Mavi \u0131\u015f\u0131\u011f\u0131 filtreleyen k\u0131rm\u0131z\u0131ya ge\u00e7i\u015f moduyla gece g\u00f6r\u00fc\u015f\u00fcn\u00fcz\u00fc koruyun.<\/span><\/td>\n<td width=\"16%\"><span>Y\u00fcksek \u00e7\u00f6z\u00fcn\u00fcrl\u00fckl\u00fc 1,4\u201d AMOLED dokunmatik ekranla her \u015feyden haberdar olun.<\/span><\/td>\n<td width=\"16%\"><span>Havac\u0131l\u0131k hava durumunu, havaalan\u0131 bilgilerini ve telefonsuz haritalar\u0131 g\u00f6r\u00fcn.<\/span><\/td>\n<td width=\"16%\"><span>7\/24 sa\u011fl\u0131k izleme ve 30&#8217;dan fazla yerle\u015fik spor uygulamas\u0131yla en iyi durumda kal\u0131n.<\/span><\/td>\n<td width=\"16%\"><span>Ak\u0131ll\u0131 saat modunda 25 g\u00fcne kadar pil \u00f6mr\u00fcyle \u015farj cihaz\u0131n\u0131 evde b\u0131rak\u0131n.<\/span><\/td>\n<\/tr>\n<\/tbody>\n<\/table>\n<p><img decoding=\"async\" src=\"https:\/\/www.pilotshop.ro\/img\/cms\/Garmin\/D2%20Mach%201%20Pro\/productfan-Global-D.jpg\" alt=\"\" width=\"100%\" \/><\/p>\n<table border=\"0\" width=\"100%\">\n<tbody>\n<tr>\n<td><img decoding=\"async\" src=\"https:\/\/www.pilotshop.ro\/img\/cms\/Garmin\/D2%20Mach%201%20Pro\/D2Mach1Pro-BUILT-IN-FLASHLIGHT.jpg\" alt=\"\" width=\"100%\" \/><\/td>\n<td><\/td>\n<td><img decoding=\"async\" src=\"https:\/\/www.pilotshop.ro\/img\/cms\/Garmin\/D2%20Mach%201%20Pro\/D2Mach1Pro-EXTRA-LARGE-DISPLAY.jpg\" alt=\"\" width=\"100%\" \/><\/td>\n<td><\/td>\n<td><img decoding=\"async\" src=\"https:\/\/www.pilotshop.ro\/img\/cms\/Garmin\/D2%20Mach%201%20Pro\/D2Mach1Pro-PREMIUM-MATERIALS.jpg\" alt=\"\" width=\"100%\" \/><\/td>\n<\/tr>\n<tr>\n<td><span>DAH\u0130L\u0130 EL Fla\u015f I\u015f\u0131\u011f\u0131<\/span><\/p>\n<p><span>Yerle\u015fik k\u0131rm\u0131z\u0131 \u0131\u015f\u0131k veya de\u011fi\u015fken yo\u011funluktaki beyaz \u0131\u015f\u0131kla ihtiyac\u0131n\u0131z oldu\u011funda g\u00fc\u00e7l\u00fc ayd\u0131nlatma elde edin.<\/span><\/td>\n<td><\/td>\n<td><span>EKSTRA B\u00dcY\u00dcK EKRAN<\/span><\/p>\n<p><span>\u00c7arp\u0131c\u0131 1,4 in\u00e7 AMOLED ekran, \u015fimdiye kadarki en y\u00fcksek \u00e7\u00f6z\u00fcn\u00fcrl\u00fckl\u00fc havac\u0131 saatimizdir.\u00a0Saat kadran\u0131 standart olarak UTC okumas\u0131 ve havaalan\u0131 hava durumuyla birlikte gelir.<\/span><\/td>\n<td><\/td>\n<td><span>PREMIUM MALZEMELER<\/span><\/p>\n<p><span>Her ikisi de \u00e7izilmeye kar\u015f\u0131 dayan\u0131kl\u0131 DLC ile donat\u0131lm\u0131\u015f 51 mm titanyum \u00e7er\u00e7eve ve titanyum bantla m\u00fckemmelli\u011fi yans\u0131t\u0131n.<\/span><\/td>\n<\/tr>\n<\/tbody>\n<\/table>\n<p><img decoding=\"async\" src=\"https:\/\/www.pilotshop.ro\/img\/cms\/Garmin\/D2%20Mach%201%20Pro\/1.png\" alt=\"1.png\" width=\"100%\" \/><\/p>\n","protected":false},"excerpt":{"rendered":"<p><span>\u00a0Aktif uydu aboneli\u011fi gereklidir.\u00a0<\/span><span>Baz\u0131 yarg\u0131 b\u00f6lgeleri uydu ileti\u015fim cihazlar\u0131n\u0131n kullan\u0131m\u0131n\u0131 d\u00fczenler veya yasaklar.\u00a0<\/span><span>Cihaz\u0131n kullan\u0131lmas\u0131n\u0131n ama\u00e7land\u0131\u011f\u0131 yarg\u0131 b\u00f6lgelerinde ge\u00e7erli t\u00fcm yasalar\u0131 bilmek ve bunlara uymak kullan\u0131c\u0131n\u0131n sorumlulu\u011fundad\u0131r.<\/span><\/p>\n","protected":false},"featured_media":685,"comment_status":"open","ping_status":"closed","template":"","meta":[],"product_brand":[],"product_cat":[39,33],"product_tag":[68,69],"class_list":{"0":"post-680","1":"product","2":"type-product","3":"status-publish","4":"has-post-thumbnail","6":"product_cat-garmin-gps","7":"product_cat-watches","8":"product_tag-garmin-d2-mach-1-pro","9":"product_tag-garmin-mach-1-pro","11":"first","12":"instock","13":"shipping-taxable","14":"purchasable","15":"product-type-simple"},"jetpack_sharing_enabled":true,"_links":{"self":[{"href":"https:\/\/pilotechturkey.com\/index.php?rest_route=\/wp\/v2\/product\/680","targetHints":{"allow":["GET"]}}],"collection":[{"href":"https:\/\/pilotechturkey.com\/index.php?rest_route=\/wp\/v2\/product"}],"about":[{"href":"https:\/\/pilotechturkey.com\/index.php?rest_route=\/wp\/v2\/types\/product"}],"replies":[{"embeddable":true,"href":"https:\/\/pilotechturkey.com\/index.php?rest_route=%2Fwp%2Fv2%2Fcomments&post=680"}],"wp:featuredmedia":[{"embeddable":true,"href":"https:\/\/pilotechturkey.com\/index.php?rest_route=\/wp\/v2\/media\/685"}],"wp:attachment":[{"href":"https:\/\/pilotechturkey.com\/index.php?rest_route=%2Fwp%2Fv2%2Fmedia&parent=680"}],"wp:term":[{"taxonomy":"product_brand","embeddable":true,"href":"https:\/\/pilotechturkey.com\/index.php?rest_route=%2Fwp%2Fv2%2Fproduct_brand&post=680"},{"taxonomy":"product_cat","embeddable":true,"href":"https:\/\/pilotechturkey.com\/index.php?rest_route=%2Fwp%2Fv2%2Fproduct_cat&post=680"},{"taxonomy":"product_tag","embeddable":true,"href":"https:\/\/pilotechturkey.com\/index.php?rest_route=%2Fwp%2Fv2%2Fproduct_tag&post=680"}],"curies":[{"name":"wp","href":"https:\/\/api.w.org\/{rel}","templated":true}]}}