{"id":407,"date":"2023-05-01T20:30:22","date_gmt":"2023-05-01T17:30:22","guid":{"rendered":"http:\/\/pilotechturkey.com\/?post_type=product&#038;p=407"},"modified":"2025-07-17T11:53:31","modified_gmt":"2025-07-17T08:53:31","slug":"bose-proflight-series-2-bluetooth","status":"publish","type":"product","link":"https:\/\/pilotechturkey.com\/?product=bose-proflight-series-2-bluetooth","title":{"rendered":"Bose ProFlight Series 2 + Bluetooth \/Twin Plug"},"content":{"rendered":"<h4><strong><span class=\"tlid-translation translation\" lang=\"ro\" xml:lang=\"ro\"><span title=\"\">U\u00e7ak ve ticari u\u00e7ak kokpitleri i\u00e7in \u00f6zel olarak tasarlanm\u0131\u015f geli\u015ftirilmi\u015f kulakl\u0131k tasar\u0131m\u0131.\u00a0<\/span><span title=\"\">Bose taraf\u0131ndan tasarlanm\u0131\u015ft\u0131r.\u00a0<\/span><span title=\"\">Pilotlar taraf\u0131ndan geli\u015ftirildi.<\/span><\/span><\/strong><\/h4>\n<p><span class=\"tlid-translation translation\" lang=\"ro\" xml:lang=\"ro\"><span title=\"\">Yeni ProFlight 2 serisi, orijinalinin ileri teknolojisi \u00fczerine kuruludur ve Bose&#8217;un \u015fimdiye kadar \u00fcretti\u011fi en hafif, en kompakt ve en rahat havac\u0131l\u0131k kulakl\u0131\u011f\u0131d\u0131r.\u00a0ProFlight Series 2, profesyonel pilotlar\u0131n u\u00e7u\u015f \u015fekli i\u00e7in tasarlanm\u0131\u015f ve rafine edilmi\u015ftir ve art\u0131k pilot geri bildirimlerine dayal\u0131 \u00e7ok say\u0131da g\u00fcncelleme ve iyile\u015ftirme i\u00e7ermektedir.\u00a0<\/span><\/span><span class=\"tlid-translation translation\" lang=\"ro\" xml:lang=\"ro\"><span title=\"\">ProFlight 2 serisi, daha hafif, daha ince ve daha esnek, daha fazla hareket \u00f6zg\u00fcrl\u00fc\u011f\u00fc ve do\u011frudan ileti\u015fim<\/span><\/span><span class=\"tlid-translation translation\" lang=\"ro\" xml:lang=\"ro\"><span title=\"\">\u00a0i\u00e7in\u00a0<\/span><\/span><span class=\"tlid-translation translation\" lang=\"ro\" xml:lang=\"ro\"><span title=\"\">geli\u015ftirilmi\u015f<\/span><\/span><span class=\"tlid-translation translation\" lang=\"ro\" xml:lang=\"ro\"><span title=\"\">\u00a0dokunma kontrol\u00fc sunan yeni bir kablo sunuyor\u00a0<\/span><\/span><span class=\"tlid-translation translation\" lang=\"ro\" xml:lang=\"ro\"><span title=\"\">.<\/span><\/span><span class=\"tlid-translation translation\" lang=\"ro\" xml:lang=\"ro\"><span title=\"\"><br \/>\n<\/span><\/span><\/p>\n<p><span class=\"tlid-translation translation\" lang=\"ro\" xml:lang=\"ro\"><span title=\"\">ProFlight 2 Serisi, d\u00fc\u015f\u00fck g\u00fcr\u00fclt\u00fcl\u00fc ortamlar ve havayolu ve ticari jet u\u00e7aklar\u0131n\u0131n kokpitlerinde u\u00e7an pilotlar\u0131n benzersiz ihtiya\u00e7lar\u0131 i\u00e7in tasarlanm\u0131\u015f \u00f6zelliklerle yenilik\u00e7i bir form fakt\u00f6r\u00fcnde geli\u015fmi\u015f Bose teknolojisine sahiptir.\u00a0Pilotlar, uzun u\u00e7u\u015flarda konfor i\u00e7in tasarlanm\u0131\u015f, kullan\u0131c\u0131 taraf\u0131ndan yap\u0131land\u0131r\u0131labilen performans\u0131n yan\u0131 s\u0131ra bekledikleri netli\u011fi deneyimleyecekler.\u00a0Kullan\u0131c\u0131 taraf\u0131ndan se\u00e7ilebilen \u00fc\u00e7 g\u00fcr\u00fclt\u00fc \u00f6nleme seviyesi, h\u0131zl\u0131 a\u00e7\u0131lan bir kablo ve tek t\u0131klamayla yan yana de\u011fi\u015ftirilebilen mikrofon, Bose Acoustic Noise Cancellation teknolojisi ve tam \u00f6zellikli Bluetooth\u00ae ba\u011flant\u0131s\u0131.\u00a0ProFlight 2 Serisinin form fakt\u00f6r\u00fc di\u011fer kasklardan farkl\u0131d\u0131r &#8211; son derece kararl\u0131 yar\u0131 dahili kafa band\u0131 konfig\u00fcrasyonu,<br \/>\n<\/span><\/span><\/p>\n<p><span class=\"tlid-translation translation\" lang=\"ro\" xml:lang=\"ro\"><span title=\"\">Yeni Bose ProFlight Series 2 havac\u0131l\u0131k kulakl\u0131\u011f\u0131, \u00f6d\u00fcll\u00fc A20 modeli gibi FAA ve EASA E\/TSO-C139a sertifikal\u0131d\u0131r.\u00a0Ek olarak, ProFlight Series 2&#8217;nin Bluetooth olmayan yeni bir \u00e7e\u015fidi de art\u0131k mevcut.<\/span><\/span><\/p>\n","protected":false},"excerpt":{"rendered":"<p>U\u00e7ak ve ticari u\u00e7ak kokpitleri i\u00e7in \u00f6zel olarak tasarlanm\u0131\u015f geli\u015ftirilmi\u015f kulakl\u0131k tasar\u0131m\u0131.\u00a0Bose taraf\u0131ndan tasarlanm\u0131\u015ft\u0131r.\u00a0Pilotlar taraf\u0131ndan geli\u015ftirildi. Yeni ProFlight 2 serisi,&hellip;<\/p>\n","protected":false},"featured_media":653,"comment_status":"open","ping_status":"closed","template":"","meta":[],"product_brand":[],"product_cat":[22,56],"product_tag":[43,42,44,46,45,47,57],"class_list":{"0":"post-407","1":"product","2":"type-product","3":"status-publish","4":"has-post-thumbnail","6":"product_cat-genel","7":"product_cat-bose","8":"product_tag-a20aviationheadset","9":"product_tag-bose","10":"product_tag-bosea20","11":"product_tag-bosea30","12":"product_tag-boseheadset","13":"product_tag-boseproflightseries2","14":"product_tag-boseprofligt2-bose-a30","16":"first","17":"instock","18":"shipping-taxable","19":"purchasable","20":"product-type-simple"},"jetpack_sharing_enabled":true,"_links":{"self":[{"href":"https:\/\/pilotechturkey.com\/index.php?rest_route=\/wp\/v2\/product\/407","targetHints":{"allow":["GET"]}}],"collection":[{"href":"https:\/\/pilotechturkey.com\/index.php?rest_route=\/wp\/v2\/product"}],"about":[{"href":"https:\/\/pilotechturkey.com\/index.php?rest_route=\/wp\/v2\/types\/product"}],"replies":[{"embeddable":true,"href":"https:\/\/pilotechturkey.com\/index.php?rest_route=%2Fwp%2Fv2%2Fcomments&post=407"}],"wp:featuredmedia":[{"embeddable":true,"href":"https:\/\/pilotechturkey.com\/index.php?rest_route=\/wp\/v2\/media\/653"}],"wp:attachment":[{"href":"https:\/\/pilotechturkey.com\/index.php?rest_route=%2Fwp%2Fv2%2Fmedia&parent=407"}],"wp:term":[{"taxonomy":"product_brand","embeddable":true,"href":"https:\/\/pilotechturkey.com\/index.php?rest_route=%2Fwp%2Fv2%2Fproduct_brand&post=407"},{"taxonomy":"product_cat","embeddable":true,"href":"https:\/\/pilotechturkey.com\/index.php?rest_route=%2Fwp%2Fv2%2Fproduct_cat&post=407"},{"taxonomy":"product_tag","embeddable":true,"href":"https:\/\/pilotechturkey.com\/index.php?rest_route=%2Fwp%2Fv2%2Fproduct_tag&post=407"}],"curies":[{"name":"wp","href":"https:\/\/api.w.org\/{rel}","templated":true}]}}