{"id":389,"date":"2023-05-01T16:48:51","date_gmt":"2023-05-01T13:48:51","guid":{"rendered":"http:\/\/pilotechturkey.com\/?post_type=product&#038;p=389"},"modified":"2025-04-20T13:04:38","modified_gmt":"2025-04-20T10:04:38","slug":"bose-kulakliklar","status":"publish","type":"product","link":"https:\/\/pilotechturkey.com\/?product=bose-kulakliklar","title":{"rendered":"BOSE A30 Aviation Headset + Bluetooth"},"content":{"rendered":"<p>Daha az dikkat da\u011f\u0131tma.\u00a0Daha az g\u00fcr\u00fclt\u00fc.\u00a0U\u00e7man\u0131n zevkinden daha az dikkat da\u011f\u0131lmas\u0131.\u00a0E\u015fsiz konfor ve se\u00e7ilebilir \u00fc\u00e7 aktif g\u00fcr\u00fclt\u00fc \u00f6nleme modu ile Bose A30 havac\u0131l\u0131k kulakl\u0131\u011f\u0131, tasarland\u0131\u011f\u0131 gibi u\u00e7may\u0131 sa\u011flar.<\/p>\n<h4><strong><img fetchpriority=\"high\" decoding=\"async\" src=\"https:\/\/www.pilotshop.ro\/img\/cms\/Bose\/A30\/Aviation_Headset_A30_Sitting.jpg\" alt=\"Aviation_Headset_A30_Sitting.jpg\" width=\"350\" height=\"350\" \/>G\u00fcr\u00fclt\u00fcy\u00fc azalt\u0131r.\u00a0Deneyimi geni\u015fletin.<br \/>\n<\/strong><\/h4>\n<p>\u2022 E\u015fsiz konfor i\u00e7in azalt\u0131lm\u0131\u015f s\u0131kma kuvvetine sahip hafif tasar\u0131m.<br \/>\nA20&#8217;den %20 daha az s\u0131k\u0131\u015ft\u0131rma kuvvetine sahip, ergonomik olarak tasarlanm\u0131\u015f bir kulak i\u00e7i kulakl\u0131k.<br \/>\n\u2022 K\u00fc\u00e7\u00fck ve hafif (ba\u015f ba\u015f\u0131na 14,2 ons\/404 gram).<br \/>\n\u2022 Aktif ekolayz\u0131r ile rakipsiz ses netli\u011fi.<br \/>\nGiri\u015f sinyalleri, geli\u015fmi\u015f netlik ve anla\u015f\u0131l\u0131rl\u0131k i\u00e7in \u015fekillendirilir ve e\u015fitlenir.<br \/>\n\u2022 \u00c7\u0131kar\u0131labilir\/de\u011fi\u015ftirilebilir kablo ve mikrofon yanda;\u00a0alet gerekmez.<br \/>\nAyr\u0131labilir\/de\u011fi\u015ftirilebilir yan mikrofon ve kablo;\u00a0alet gerekmez.<br \/>\n\u2022 Hassasiyet odakl\u0131 g\u00fcr\u00fclt\u00fc \u00f6nleyici mikrofon.<br \/>\nG\u00fcr\u00fclt\u00fc \u00f6nleyici mikrofon, iletim s\u0131ras\u0131nda netli\u011fi art\u0131rmak ve arka plan g\u00fcr\u00fclt\u00fcs\u00fcn\u00fc azaltmak i\u00e7in &#8220;s\u0131cak mikrofon&#8221; veya PTT sistemlerine sahip u\u00e7aklar i\u00e7in tasarlanm\u0131\u015ft\u0131r.<\/p>\n<h4><strong>\u00a0<\/strong><\/h4>\n<h4><\/h4>\n<h4><strong>\u00a0<\/strong><\/h4>\n<h4><\/h4>\n<h4><\/h4>\n<h4><strong>\u00a0<\/strong><\/h4>\n<h4><\/h4>\n<h4><strong><img decoding=\"async\" src=\"https:\/\/www.pilotshop.ro\/img\/cms\/Bose\/A30\/Aviation_Headset_A30_ControlModule_3Quarters%20-%20no%20BT.jpg\" alt=\"Aviation_Headset_A30_ControlModule_3Quarters.jpg\" width=\"350\" height=\"350\" \/><\/strong><\/h4>\n<h4><strong>Performans\u0131n konforla bulu\u015ftu\u011fu yer.<br \/>\n<\/strong><\/h4>\n<p>\u2022 Bluetooth\u00ae ses.<br \/>\nMobil cihazlara, ses sistemlerine ve elektronik u\u00e7u\u015f \u00e7antalar\u0131na kablosuz olarak ba\u011flan\u0131n.\u00a0Ses \u00f6nceli\u011fi, kullan\u0131c\u0131lar\u0131n Bluetooth\u00ae sesini interkom sesiyle kar\u0131\u015ft\u0131rmas\u0131na veya Bluetooth kayna\u011f\u0131n\u0131 interkomdan ge\u00e7ici olarak devre d\u0131\u015f\u0131 b\u0131rakmas\u0131na olanak tan\u0131r.\u00a0Bluetooth olmayan kulakl\u0131k \u00e7e\u015fitleri mevcuttur.<br \/>\n\u2022 Kullan\u0131c\u0131 taraf\u0131ndan se\u00e7ilebilen \u00fc\u00e7 mod ile end\u00fcstri lideri aktif g\u00fcr\u00fclt\u00fc azaltma.<br \/>\nFarkl\u0131 kullan\u0131m durumlar\u0131na veya ki\u015fisel tercihlere uyacak \u015fekilde ayarlanabilir g\u00fcr\u00fclt\u00fc giderme modlar\u0131.<br \/>\n\u2022 Diyalog ileti\u015fimi i\u00e7in kontrole dokunun.<br \/>\nD\u00fc\u015f\u00fck modu etkinle\u015ftirmek ve interkom d\u0131\u015f\u0131nda ki\u015fileraras\u0131 ileti\u015fim i\u00e7in sesi optimize etmek i\u00e7in kulakl\u0131\u011fa iki kez dokunun.<br \/>\n\u2022 Blendajl\u0131 kablo, dayan\u0131kl\u0131 ve esnek.<br \/>\nKablo, daha fazla hareket \u00f6zg\u00fcrl\u00fc\u011f\u00fc ve kolay saklama sa\u011flayan ince bir tasar\u0131mla yay\u0131lan emisyonlara kar\u015f\u0131 dayan\u0131kl\u0131d\u0131r.<br \/>\n\u2022 Ola\u011fan\u00fcst\u00fc pil \u00f6mr\u00fc.<br \/>\n\u0130ki adet AA pil, 25 saatin \u00fczerinde Bluetooth\u00ae kullan\u0131m\u0131na ve 45 saatin \u00fczerinde Bluetooth\u00ae kullan\u0131m\u0131na g\u00fc\u00e7 sa\u011flar.\u00a0U\u00e7akla \u00e7al\u0131\u015fan varyantlar da mevcuttur.<\/p>\n<p>&nbsp;<\/p>\n<p>&nbsp;<\/p>\n<p>&nbsp;<\/p>\n<h4><\/h4>\n<h4><\/h4>\n<h4><strong>\u00a0<\/strong><\/h4>\n<h4><\/h4>\n<h4><strong><img decoding=\"async\" src=\"https:\/\/www.pilotshop.ro\/img\/cms\/Bose\/A30\/Aviation_Headset_A30_Sitting_ControlModule_Clips.jpg\" alt=\"Aviation_Headset_A30_Sitting_ControlModule_Clips.jpg\" width=\"350\" height=\"350\" \/><\/strong><\/h4>\n<h4><\/h4>\n<h4><strong>\u00a0<\/strong><\/h4>\n<h4><strong>\u00a0<\/strong><\/h4>\n<h4><\/h4>\n<h4><\/h4>\n<h4><strong>\u00a0<\/strong><\/h4>\n<h4><strong>Her t\u00fcr u\u00e7ak i\u00e7in<br \/>\n<\/strong><\/h4>\n<p>\u2022 FAA TSO ve EASA E\/TSO-C139 sertifikas\u0131.<br \/>\n\u2022 \u00c7e\u015fitli konekt\u00f6r t\u00fcrleri.<br \/>\n\u00c7ift fi\u015fli, LEMO (6 pimli), XLR (5 pimli) ve U174 versiyonlar\u0131nda mevcuttur.<br \/>\n\u2022 De\u011ferli servis ile be\u015f y\u0131ll\u0131k s\u0131n\u0131rl\u0131 garanti.<br \/>\nD\u00fcnya \u00e7ap\u0131nda kapsama alan\u0131.<\/p>\n","protected":false},"excerpt":{"rendered":"<p>Daha az dikkat da\u011f\u0131tma.\u00a0Daha az g\u00fcr\u00fclt\u00fc.\u00a0U\u00e7man\u0131n zevkinden daha az dikkat da\u011f\u0131lmas\u0131.\u00a0E\u015fsiz konfor ve se\u00e7ilebilir \u00fc\u00e7 aktif g\u00fcr\u00fclt\u00fc \u00f6nleme modu ile&hellip;<\/p>\n","protected":false},"featured_media":574,"comment_status":"open","ping_status":"closed","template":"","meta":[],"product_brand":[],"product_cat":[22,56],"product_tag":[43,42,44,46,45,47,48],"class_list":{"0":"post-389","1":"product","2":"type-product","3":"status-publish","4":"has-post-thumbnail","6":"product_cat-genel","7":"product_cat-bose","8":"product_tag-a20aviationheadset","9":"product_tag-bose","10":"product_tag-bosea20","11":"product_tag-bosea30","12":"product_tag-boseheadset","13":"product_tag-boseproflightseries2","14":"product_tag-boseprofligt2","16":"first","17":"instock","18":"sale","19":"shipping-taxable","20":"purchasable","21":"product-type-simple"},"jetpack_sharing_enabled":true,"_links":{"self":[{"href":"https:\/\/pilotechturkey.com\/index.php?rest_route=\/wp\/v2\/product\/389","targetHints":{"allow":["GET"]}}],"collection":[{"href":"https:\/\/pilotechturkey.com\/index.php?rest_route=\/wp\/v2\/product"}],"about":[{"href":"https:\/\/pilotechturkey.com\/index.php?rest_route=\/wp\/v2\/types\/product"}],"replies":[{"embeddable":true,"href":"https:\/\/pilotechturkey.com\/index.php?rest_route=%2Fwp%2Fv2%2Fcomments&post=389"}],"wp:featuredmedia":[{"embeddable":true,"href":"https:\/\/pilotechturkey.com\/index.php?rest_route=\/wp\/v2\/media\/574"}],"wp:attachment":[{"href":"https:\/\/pilotechturkey.com\/index.php?rest_route=%2Fwp%2Fv2%2Fmedia&parent=389"}],"wp:term":[{"taxonomy":"product_brand","embeddable":true,"href":"https:\/\/pilotechturkey.com\/index.php?rest_route=%2Fwp%2Fv2%2Fproduct_brand&post=389"},{"taxonomy":"product_cat","embeddable":true,"href":"https:\/\/pilotechturkey.com\/index.php?rest_route=%2Fwp%2Fv2%2Fproduct_cat&post=389"},{"taxonomy":"product_tag","embeddable":true,"href":"https:\/\/pilotechturkey.com\/index.php?rest_route=%2Fwp%2Fv2%2Fproduct_tag&post=389"}],"curies":[{"name":"wp","href":"https:\/\/api.w.org\/{rel}","templated":true}]}}